{"id":15607,"date":"2021-04-27T03:33:32","date_gmt":"2021-04-27T03:33:32","guid":{"rendered":"http:\/\/ninzio.com\/sublime\/?page_id=15607"},"modified":"2025-06-02T19:00:34","modified_gmt":"2025-06-02T19:00:34","slug":"contact-us","status":"publish","type":"page","link":"https:\/\/virtua.mx\/index.php\/contact-us\/","title":{"rendered":"Contacto"},"content":{"rendered":"\t\t<div data-elementor-type=\"wp-page\" data-elementor-id=\"15607\" class=\"elementor elementor-15607\">\n\t\t\t\t\t\t<section class=\"elementor-section elementor-top-section elementor-element elementor-element-bb0f0f0 elementor-section-boxed elementor-section-height-default elementor-section-height-default wpr-particle-no wpr-jarallax-no wpr-parallax-no wpr-sticky-section-no\" data-id=\"bb0f0f0\" data-element_type=\"section\" data-e-type=\"section\">\n\t\t\t\t\t\t<div class=\"elementor-container elementor-column-gap-default\">\n\t\t\t\t\t<div class=\"elementor-column elementor-col-50 elementor-top-column elementor-element elementor-element-430c9cb\" data-id=\"430c9cb\" data-element_type=\"column\" data-e-type=\"column\">\n\t\t\t<div class=\"elementor-widget-wrap elementor-element-populated\">\n\t\t\t\t\t\t<div class=\"elementor-element elementor-element-85bbeed elementor-widget elementor-widget-spacer\" data-id=\"85bbeed\" data-element_type=\"widget\" data-e-type=\"widget\" data-widget_type=\"spacer.default\">\n\t\t\t\t<div class=\"elementor-widget-container\">\n\t\t\t\t\t\t\t<div class=\"elementor-spacer\">\n\t\t\t<div class=\"elementor-spacer-inner\"><\/div>\n\t\t<\/div>\n\t\t\t\t\t\t<\/div>\n\t\t\t\t<\/div>\n\t\t\n\t\t<div class=\"elementor-element elementor-element-4ba6f0f animated-fast align-left elementor-widget elementor-widget-mae-headings\" data-id=\"4ba6f0f\" data-element_type=\"widget\" data-e-type=\"widget\" data-settings=\"{&quot;_animation&quot;:&quot;none&quot;}\" data-widget_type=\"mae-headings.default\">\n\t\t\t\t<div class=\"elementor-widget-container\">\n\t\t\t\t\t\n\t\t<div class=\"master-heading\">\n\t        \n\t        \t        <h2 class=\"main-heading\" data-splitting>Consigue tu cotizaci\u00f3n sin costo. <\/h2>\n\t        \n\t        \n\t        \t    <\/div>\n\t    \t\t\t\t<\/div>\n\t\t\t\t<\/div>\n\t\t\t\t<div class=\"elementor-element elementor-element-1441e45 animated-fast align-left elementor-widget elementor-widget-mae-headings\" data-id=\"1441e45\" data-element_type=\"widget\" data-e-type=\"widget\" data-settings=\"{&quot;_animation&quot;:&quot;none&quot;}\" data-widget_type=\"mae-headings.default\">\n\t\t\t\t<div class=\"elementor-widget-container\">\n\t\t\t\t\t\n\t\t<div class=\"master-heading\">\n\t        \n\t        \t        <h2 class=\"main-heading\" data-splitting>Encontraremos la mejor forma de brindarte los resultados que siempre esperaste. <\/h2>\n\t        \n\t        \n\t        \t            <div class=\"sub-heading\">Agenda una cita para realizar una cotizaci\u00f3n sin costo alguno y brindarte toda la informaci\u00f3n que necesitas. <\/div>\n\t        \t    <\/div>\n\t    \t\t\t\t<\/div>\n\t\t\t\t<\/div>\n\t\t\t\t<section class=\"elementor-section elementor-inner-section elementor-element elementor-element-eb532d6 elementor-section-boxed elementor-section-height-default elementor-section-height-default wpr-particle-no wpr-jarallax-no wpr-parallax-no wpr-sticky-section-no\" data-id=\"eb532d6\" data-element_type=\"section\" data-e-type=\"section\">\n\t\t\t\t\t\t<div class=\"elementor-container elementor-column-gap-default\">\n\t\t\t\t\t<div class=\"elementor-column elementor-col-50 elementor-inner-column elementor-element elementor-element-e918882\" data-id=\"e918882\" data-element_type=\"column\" data-e-type=\"column\">\n\t\t\t<div class=\"elementor-widget-wrap elementor-element-populated\">\n\t\t\t\t\t\t<div class=\"elementor-element elementor-element-bdd50b7 elementor-widget elementor-widget-spacer\" data-id=\"bdd50b7\" data-element_type=\"widget\" data-e-type=\"widget\" data-widget_type=\"spacer.default\">\n\t\t\t\t<div class=\"elementor-widget-container\">\n\t\t\t\t\t\t\t<div class=\"elementor-spacer\">\n\t\t\t<div class=\"elementor-spacer-inner\"><\/div>\n\t\t<\/div>\n\t\t\t\t\t\t<\/div>\n\t\t\t\t<\/div>\n\t\t\t\t<div class=\"elementor-element elementor-element-f8129f5 animated-fast accent align--mobilecenter elementor-widget__width-initial align-left elementor-invisible elementor-widget elementor-widget-mae-button\" data-id=\"f8129f5\" data-element_type=\"widget\" data-e-type=\"widget\" data-settings=\"{&quot;_animation_delay&quot;:400,&quot;_animation&quot;:&quot;fadeInDown&quot;}\" data-widget_type=\"mae-button.default\">\n\t\t\t\t<div class=\"elementor-widget-container\">\n\t\t\t\t\t\n        <a class=\"master-button btn-accent icon-none medium\" href=\"https:\/\/api.whatsapp.com\/send\/?phone=5216182586844&#038;text=Estoy+interesado+en+sus+servicios++&#038;type=phone_number&#038;app_absent=0\" >\n                        Cont\u00e1ctanos             <span class=\"hover-effect\"><\/span>\n                    <\/a>\n\n        \t\t\t\t<\/div>\n\t\t\t\t<\/div>\n\t\t\t\t\t<\/div>\n\t\t<\/div>\n\t\t\t\t<div class=\"elementor-column elementor-col-50 elementor-inner-column elementor-element elementor-element-1d852fe\" data-id=\"1d852fe\" data-element_type=\"column\" data-e-type=\"column\">\n\t\t\t<div class=\"elementor-widget-wrap elementor-element-populated\">\n\t\t\t\t\t\t<div class=\"elementor-element elementor-element-7101651 elementor-widget elementor-widget-spacer\" data-id=\"7101651\" data-element_type=\"widget\" data-e-type=\"widget\" data-widget_type=\"spacer.default\">\n\t\t\t\t<div class=\"elementor-widget-container\">\n\t\t\t\t\t\t\t<div class=\"elementor-spacer\">\n\t\t\t<div class=\"elementor-spacer-inner\"><\/div>\n\t\t<\/div>\n\t\t\t\t\t\t<\/div>\n\t\t\t\t<\/div>\n\t\t\t\t\t<\/div>\n\t\t<\/div>\n\t\t\t\t\t<\/div>\n\t\t<\/section>\n\t\t\t\t\t<\/div>\n\t\t<\/div>\n\t\t\t\t<div class=\"elementor-column elementor-col-50 elementor-top-column elementor-element elementor-element-40caf61\" data-id=\"40caf61\" data-element_type=\"column\" data-e-type=\"column\">\n\t\t\t<div class=\"elementor-widget-wrap elementor-element-populated\">\n\t\t\t\t\t\t<div class=\"elementor-element elementor-element-9efb931 elementor-widget elementor-widget-mae-parallax-image\" data-id=\"9efb931\" data-element_type=\"widget\" data-e-type=\"widget\" data-widget_type=\"mae-parallax-image.default\">\n\t\t\t\t<div class=\"elementor-widget-container\">\n\t\t\t\t\t\t\t<div class=\"master-parallax-box\">\n\t\t\t<div class=\"parallax-wrap\">\n\t\t\t\t\t\t\t\t\t<div class=\"master-parallax-item elementor-repeater-item-5235075\" style=\"\" data-parallax='{\"x\" : 0, \"y\" : -30, \"smoothness\" : 30}' data-top=\"-49px\" data-top-tablet=\"\" data-top-mobile=\"\"><img decoding=\"async\" src=\"http:\/\/virtua.mx\/wp-content\/uploads\/2023\/05\/cropped-isotipo.png\" alt=\"\"><\/div>\t\t\t\t\t\t\t\t\t<div class=\"master-parallax-item elementor-repeater-item-f18c66d\" style=\"\" data-parallax='{\"x\" : 0, \"y\" : -30, \"smoothness\" : 30}' data-top=\"371px\" data-top-tablet=\"\" data-top-mobile=\"\"><img decoding=\"async\" src=\"http:\/\/virtua.mx\/wp-content\/uploads\/2023\/06\/8.png\" alt=\"\"><\/div>\t\t\t\t\t\t\t\t\t<div class=\"master-parallax-item elementor-repeater-item-c419b02\" style=\"\" data-parallax='{\"x\" : 20, \"y\" : 0, \"smoothness\" : 30}' data-top=\"309px\" data-top-tablet=\"\" data-top-mobile=\"\"><img decoding=\"async\" src=\"http:\/\/virtua.mx\/wp-content\/uploads\/2020\/12\/p-6.jpg\" alt=\"\"><\/div>\t\t\t\t\t\t\t\t\t<div class=\"master-parallax-item elementor-repeater-item-a1803e6\" style=\"\" data-parallax='{\"x\" : -20, \"y\" : 0, \"smoothness\" : 30}' data-top=\"0px\" data-top-tablet=\"\" data-top-mobile=\"\"><img decoding=\"async\" src=\"http:\/\/virtua.mx\/wp-content\/uploads\/2021\/04\/seo-5.png\" alt=\"\"><\/div>\t\t\t\t\t\t\t<\/div>\n\t\t<\/div>\n\t    \t\t\t\t<\/div>\n\t\t\t\t<\/div>\n\t\t\t\t\t<\/div>\n\t\t<\/div>\n\t\t\t\t\t<\/div>\n\t\t<\/section>\n\t\t\t\t<section class=\"elementor-section elementor-top-section elementor-element elementor-element-859a1d3 elementor-section-stretched elementor-section-boxed elementor-section-height-default elementor-section-height-default wpr-particle-no wpr-jarallax-no wpr-parallax-no wpr-sticky-section-no\" data-id=\"859a1d3\" data-element_type=\"section\" data-e-type=\"section\" data-settings=\"{&quot;stretch_section&quot;:&quot;section-stretched&quot;,&quot;background_background&quot;:&quot;classic&quot;}\">\n\t\t\t\t\t\t<div class=\"elementor-container elementor-column-gap-default\">\n\t\t\t\t\t<div class=\"elementor-column elementor-col-100 elementor-top-column elementor-element elementor-element-bdf3e90\" data-id=\"bdf3e90\" data-element_type=\"column\" data-e-type=\"column\">\n\t\t\t<div class=\"elementor-widget-wrap elementor-element-populated\">\n\t\t\t\t\t\t<div class=\"elementor-element elementor-element-af93ce7 elementor-widget elementor-widget-spacer\" data-id=\"af93ce7\" data-element_type=\"widget\" data-e-type=\"widget\" data-widget_type=\"spacer.default\">\n\t\t\t\t<div class=\"elementor-widget-container\">\n\t\t\t\t\t\t\t<div class=\"elementor-spacer\">\n\t\t\t<div class=\"elementor-spacer-inner\"><\/div>\n\t\t<\/div>\n\t\t\t\t\t\t<\/div>\n\t\t\t\t<\/div>\n\t\t\t\t<div class=\"elementor-element elementor-element-456b3d7 elementor-widget elementor-widget-spacer\" data-id=\"456b3d7\" data-element_type=\"widget\" data-e-type=\"widget\" data-widget_type=\"spacer.default\">\n\t\t\t\t<div class=\"elementor-widget-container\">\n\t\t\t\t\t\t\t<div class=\"elementor-spacer\">\n\t\t\t<div class=\"elementor-spacer-inner\"><\/div>\n\t\t<\/div>\n\t\t\t\t\t\t<\/div>\n\t\t\t\t<\/div>\n\t\t\t\t\t<\/div>\n\t\t<\/div>\n\t\t\t\t\t<\/div>\n\t\t<\/section>\n\t\t\t\t<section class=\"elementor-section elementor-top-section elementor-element elementor-element-1273b91 elementor-section-stretched elementor-section-boxed elementor-section-height-default elementor-section-height-default wpr-particle-no wpr-jarallax-no wpr-parallax-no wpr-sticky-section-no\" data-id=\"1273b91\" data-element_type=\"section\" data-e-type=\"section\" data-settings=\"{&quot;stretch_section&quot;:&quot;section-stretched&quot;,&quot;background_background&quot;:&quot;classic&quot;}\">\n\t\t\t\t\t\t<div class=\"elementor-container elementor-column-gap-default\">\n\t\t\t\t\t<div class=\"elementor-column elementor-col-100 elementor-top-column elementor-element elementor-element-0c86f8f\" data-id=\"0c86f8f\" data-element_type=\"column\" data-e-type=\"column\">\n\t\t\t<div class=\"elementor-widget-wrap elementor-element-populated\">\n\t\t\t\t\t\t<div class=\"elementor-element elementor-element-47e14af elementor-widget elementor-widget-spacer\" data-id=\"47e14af\" data-element_type=\"widget\" data-e-type=\"widget\" data-widget_type=\"spacer.default\">\n\t\t\t\t<div class=\"elementor-widget-container\">\n\t\t\t\t\t\t\t<div class=\"elementor-spacer\">\n\t\t\t<div class=\"elementor-spacer-inner\"><\/div>\n\t\t<\/div>\n\t\t\t\t\t\t<\/div>\n\t\t\t\t<\/div>\n\t\t\t\t<div class=\"elementor-element elementor-element-32cd73f align-center elementor-invisible elementor-widget elementor-widget-mae-headings\" data-id=\"32cd73f\" data-element_type=\"widget\" data-e-type=\"widget\" data-settings=\"{&quot;_animation&quot;:&quot;fadeInUp&quot;}\" data-widget_type=\"mae-headings.default\">\n\t\t\t\t<div class=\"elementor-widget-container\">\n\t\t\t\t\t\n\t\t<div class=\"master-heading\">\n\t        \n\t        \t        <h2 class=\"main-heading\" data-splitting>Cont\u00e1ctanos directamente por estos medios <\/h2>\n\t        \n\t        \t        <div class=\"divider\"><span><\/span><\/div>\n\t        \n\t        \t    <\/div>\n\t    \t\t\t\t<\/div>\n\t\t\t\t<\/div>\n\t\t\t\t<div class=\"elementor-element elementor-element-abb2cbf elementor-widget elementor-widget-spacer\" data-id=\"abb2cbf\" data-element_type=\"widget\" data-e-type=\"widget\" data-widget_type=\"spacer.default\">\n\t\t\t\t<div class=\"elementor-widget-container\">\n\t\t\t\t\t\t\t<div class=\"elementor-spacer\">\n\t\t\t<div class=\"elementor-spacer-inner\"><\/div>\n\t\t<\/div>\n\t\t\t\t\t\t<\/div>\n\t\t\t\t<\/div>\n\t\t\t\t\t<\/div>\n\t\t<\/div>\n\t\t\t\t\t<\/div>\n\t\t<\/section>\n\t\t\t\t<section class=\"elementor-section elementor-inner-section elementor-element elementor-element-28b7754 elementor-section-boxed elementor-section-height-default elementor-section-height-default wpr-particle-no wpr-jarallax-no wpr-parallax-no wpr-sticky-section-no\" data-id=\"28b7754\" data-element_type=\"section\" data-e-type=\"section\">\n\t\t\t\t\t\t<div class=\"elementor-container elementor-column-gap-extended\">\n\t\t\t\t\t<div class=\"elementor-column elementor-col-33 elementor-inner-column elementor-element elementor-element-c0518bf\" data-id=\"c0518bf\" data-element_type=\"column\" data-e-type=\"column\">\n\t\t\t<div class=\"elementor-widget-wrap elementor-element-populated\">\n\t\t\t\t\t\t<div class=\"elementor-element elementor-element-c796385 align-center icon-position-top hover-effect-default elementor-invisible elementor-widget elementor-widget-mae-icon-box\" data-id=\"c796385\" data-element_type=\"widget\" data-e-type=\"widget\" data-settings=\"{&quot;_animation&quot;:&quot;fadeInUp&quot;,&quot;_animation_delay&quot;:0}\" data-widget_type=\"mae-icon-box.default\">\n\t\t\t\t<div class=\"elementor-widget-container\">\n\t\t\t\t\t        <div class=\"bg-hover\"><\/div>\n        <div class=\"master-icon-box\" >       \n            \n            <div class=\"icon-wrap\"><div class=\"master-icon icon-font\"><div class=\"master-icon-svg\"><svg version=\"1.1\" xmlns=\"http:\/\/www.w3.org\/2000\/svg\" xmlns:xlink=\"http:\/\/www.w3.org\/1999\/xlink\" x=\"0px\" y=\"0px\" \t viewBox=\"0 0 65.4 52\" style=\"enable-background:new 0 0 65.4 52;\" xml:space=\"preserve\"> <style type=\"text\/css\"> \t.st10{fill:none;stroke-width:2;stroke-miterlimit:10;} <\/style> <path class=\"st10\" d=\"M32.7,9c2.2,0,4,1.8,4,4c0,2.2-1.8,4-4,4s-4-1.8-4-4C28.7,10.8,30.5,9,32.7,9z M45.7,15c0-7.7-5.8-14-13-14 \ts-13,6.3-13,14c0,10,13,26,13,26S45.7,25,45.7,15z M21.7,31h-9l-11,20h31h31l-11-20h-9\"\/> <\/svg><\/div><\/div><h3 class=\"headline-2\">Nuestra ubicaci\u00f3n<\/h3><\/div>            \n            <div class=\"text-wrap\">\n                <h3 class=\"headline-2\">Nuestra ubicaci\u00f3n<\/h3><div class=\"desc\">Valle de Guatimape 402 Col. Esperanza <br>34080 Victoria de Durango, M\u00e9xico<\/div>            <\/div>\n        <\/div>\n\n        \t\t\t\t<\/div>\n\t\t\t\t<\/div>\n\t\t\t\t\t<\/div>\n\t\t<\/div>\n\t\t\t\t<div class=\"elementor-column elementor-col-33 elementor-inner-column elementor-element elementor-element-49c8440\" data-id=\"49c8440\" data-element_type=\"column\" data-e-type=\"column\">\n\t\t\t<div class=\"elementor-widget-wrap elementor-element-populated\">\n\t\t\t\t\t\t<div class=\"elementor-element elementor-element-a57966c align-center icon-position-top hover-effect-default elementor-invisible elementor-widget elementor-widget-mae-icon-box\" data-id=\"a57966c\" data-element_type=\"widget\" data-e-type=\"widget\" data-settings=\"{&quot;_animation&quot;:&quot;fadeInUp&quot;,&quot;_animation_delay&quot;:200}\" data-widget_type=\"mae-icon-box.default\">\n\t\t\t\t<div class=\"elementor-widget-container\">\n\t\t\t\t\t        <div class=\"bg-hover\"><\/div>\n        <div class=\"master-icon-box\" >       \n            \n            <div class=\"icon-wrap\"><div class=\"master-icon icon-font\"><div class=\"master-icon-svg\"><svg version=\"1.1\" xmlns=\"http:\/\/www.w3.org\/2000\/svg\" xmlns:xlink=\"http:\/\/www.w3.org\/1999\/xlink\" x=\"0px\" y=\"0px\" \t viewBox=\"0 0 64 59.6\" style=\"enable-background:new 0 0 64 59.6;\" xml:space=\"preserve\"> <style type=\"text\/css\"> \t.st10{fill:none;stroke-width:2;stroke-miterlimit:10;} <\/style> <path class=\"st10\" d=\"M14,57.4V47H1V9h54v38H26L14,57.4z M57,39h6V1H9v6\"\/> <\/svg><\/div><\/div><h3 class=\"headline-2\">Cont\u00e1ctanos <\/h3><\/div>            \n            <div class=\"text-wrap\">\n                <h3 class=\"headline-2\">Cont\u00e1ctanos <\/h3><div class=\"desc\">+52 1 618 258 6844<\/div>            <\/div>\n        <\/div>\n\n        \t\t\t\t<\/div>\n\t\t\t\t<\/div>\n\t\t\t\t\t<\/div>\n\t\t<\/div>\n\t\t\t\t<div class=\"elementor-column elementor-col-33 elementor-inner-column elementor-element elementor-element-d67ec9d\" data-id=\"d67ec9d\" data-element_type=\"column\" data-e-type=\"column\">\n\t\t\t<div class=\"elementor-widget-wrap elementor-element-populated\">\n\t\t\t\t\t\t<div class=\"elementor-element elementor-element-5f2e3a2 align-center icon-position-top hover-effect-default elementor-invisible elementor-widget elementor-widget-mae-icon-box\" data-id=\"5f2e3a2\" data-element_type=\"widget\" data-e-type=\"widget\" data-settings=\"{&quot;_animation&quot;:&quot;fadeInRight&quot;,&quot;_animation_delay&quot;:400}\" data-widget_type=\"mae-icon-box.default\">\n\t\t\t\t<div class=\"elementor-widget-container\">\n\t\t\t\t\t        <div class=\"bg-hover\"><\/div>\n        <div class=\"master-icon-box\" >       \n            \n                        \n            <div class=\"text-wrap\">\n                <h3 class=\"headline-2\">Nos encantar\u00eda ayudare.<\/h3><div class=\"desc\">Te brindaremos  un servicio personalizado  <\/div>            <\/div>\n        <\/div>\n\n        \t\t\t\t<\/div>\n\t\t\t\t<\/div>\n\t\t\t\t\t<\/div>\n\t\t<\/div>\n\t\t\t\t\t<\/div>\n\t\t<\/section>\n\t\t\t\t<\/div>\n\t\t","protected":false},"excerpt":{"rendered":"<p>Consigue tu cotizaci\u00f3n sin costo. Encontraremos la mejor forma de brindarte los resultados que siempre esperaste. Agenda una cita para realizar una cotizaci\u00f3n sin costo alguno y brindarte toda la informaci\u00f3n que necesitas. Cont\u00e1ctanos Cont\u00e1ctanos directamente por estos medios Nuestra ubicaci\u00f3n Nuestra ubicaci\u00f3n Valle de Guatimape 402 Col. Esperanza 34080 Victoria de Durango, M\u00e9xico Cont\u00e1ctanos Cont\u00e1ctanos +52 1 618 258 6844 Nos encantar\u00eda ayudare. Te brindaremos un servicio personalizado<\/p>\n","protected":false},"author":1,"featured_media":0,"parent":0,"menu_order":0,"comment_status":"closed","ping_status":"closed","template":"","meta":{"_monsterinsights_skip_tracking":false,"_monsterinsights_sitenote_active":false,"_monsterinsights_sitenote_note":"","_monsterinsights_sitenote_category":0,"footnotes":""},"class_list":["post-15607","page","type-page","status-publish","hentry"],"_links":{"self":[{"href":"https:\/\/virtua.mx\/index.php\/wp-json\/wp\/v2\/pages\/15607","targetHints":{"allow":["GET"]}}],"collection":[{"href":"https:\/\/virtua.mx\/index.php\/wp-json\/wp\/v2\/pages"}],"about":[{"href":"https:\/\/virtua.mx\/index.php\/wp-json\/wp\/v2\/types\/page"}],"author":[{"embeddable":true,"href":"https:\/\/virtua.mx\/index.php\/wp-json\/wp\/v2\/users\/1"}],"replies":[{"embeddable":true,"href":"https:\/\/virtua.mx\/index.php\/wp-json\/wp\/v2\/comments?post=15607"}],"version-history":[{"count":50,"href":"https:\/\/virtua.mx\/index.php\/wp-json\/wp\/v2\/pages\/15607\/revisions"}],"predecessor-version":[{"id":20293,"href":"https:\/\/virtua.mx\/index.php\/wp-json\/wp\/v2\/pages\/15607\/revisions\/20293"}],"wp:attachment":[{"href":"https:\/\/virtua.mx\/index.php\/wp-json\/wp\/v2\/media?parent=15607"}],"curies":[{"name":"wp","href":"https:\/\/api.w.org\/{rel}","templated":true}]}}