{"id":20719,"date":"2026-02-20T17:18:07","date_gmt":"2026-02-20T17:18:07","guid":{"rendered":"https:\/\/virtua.mx\/?page_id=20719"},"modified":"2026-02-20T21:33:48","modified_gmt":"2026-02-20T21:33:48","slug":"virtalks","status":"publish","type":"page","link":"https:\/\/virtua.mx\/index.php\/virtalks\/","title":{"rendered":"VirTalks"},"content":{"rendered":"\t\t<div data-elementor-type=\"wp-page\" data-elementor-id=\"20719\" class=\"elementor elementor-20719\">\n\t\t\t\t\t\t<section class=\"elementor-section elementor-top-section elementor-element elementor-element-bd3017c elementor-section-height-min-height elementor-section-items-top elementor-section-boxed elementor-section-height-default wpr-particle-no wpr-jarallax-no wpr-parallax-no wpr-sticky-section-no\" data-id=\"bd3017c\" data-element_type=\"section\" data-e-type=\"section\" data-settings=\"{&quot;background_background&quot;:&quot;classic&quot;}\">\n\t\t\t\t\t\t<div class=\"elementor-container elementor-column-gap-default\">\n\t\t\t\t\t<div class=\"elementor-column elementor-col-50 elementor-top-column elementor-element elementor-element-24dae04\" data-id=\"24dae04\" data-element_type=\"column\" data-e-type=\"column\">\n\t\t\t<div class=\"elementor-widget-wrap elementor-element-populated\">\n\t\t\t\t\t\t<div class=\"elementor-element elementor-element-756f4ca elementor-widget elementor-widget-spacer\" data-id=\"756f4ca\" data-element_type=\"widget\" data-e-type=\"widget\" data-widget_type=\"spacer.default\">\n\t\t\t\t<div class=\"elementor-widget-container\">\n\t\t\t\t\t\t\t<div class=\"elementor-spacer\">\n\t\t\t<div class=\"elementor-spacer-inner\"><\/div>\n\t\t<\/div>\n\t\t\t\t\t\t<\/div>\n\t\t\t\t<\/div>\n\t\t\t\t<div class=\"elementor-element elementor-element-a425fe0 elementor-widget elementor-widget-heading\" data-id=\"a425fe0\" data-element_type=\"widget\" data-e-type=\"widget\" data-widget_type=\"heading.default\">\n\t\t\t\t<div class=\"elementor-widget-container\">\n\t\t\t\t\t<h2 class=\"elementor-heading-title elementor-size-default\">VirTalks<\/h2>\t\t\t\t<\/div>\n\t\t\t\t<\/div>\n\t\t\t\t<div class=\"elementor-element elementor-element-dbbb963 elementor-widget elementor-widget-spacer\" data-id=\"dbbb963\" data-element_type=\"widget\" data-e-type=\"widget\" data-widget_type=\"spacer.default\">\n\t\t\t\t<div class=\"elementor-widget-container\">\n\t\t\t\t\t\t\t<div class=\"elementor-spacer\">\n\t\t\t<div class=\"elementor-spacer-inner\"><\/div>\n\t\t<\/div>\n\t\t\t\t\t\t<\/div>\n\t\t\t\t<\/div>\n\t\t\n\t\t<div class=\"elementor-element elementor-element-2c8ab5b elementor-widget elementor-widget-text-editor\" data-id=\"2c8ab5b\" data-element_type=\"widget\" data-e-type=\"widget\" data-widget_type=\"text-editor.default\">\n\t\t\t\t<div class=\"elementor-widget-container\">\n\t\t\t\t\t\t\t\t\t<p><span style=\"font-weight: 400;\">En <\/span><b>VirTalks<\/b><span style=\"font-weight: 400;\"> creemos que la tecnolog\u00eda no solo se aprende, <\/span><b>se vive, se comparte y se transforma<\/b><span style=\"font-weight: 400;\"> en comunidad.<\/span><\/p><p><span style=\"font-weight: 400;\">Nuestro prop\u00f3sito es convertirnos en un <\/span><b>punto de encuentro aut\u00e9ntico y relevante<\/b><span style=\"font-weight: 400;\"> dentro del ecosistema tech. Un espacio donde las ideas no solo se exponen, sino que <\/span><b>se conectan, evolucionan y se multiplican<\/b><span style=\"font-weight: 400;\">.<\/span><\/p><p><span style=\"font-weight: 400;\">Queremos que <\/span><b>m\u00e1s j\u00f3venes, profesionales y mentes inquietas<\/b><span style=\"font-weight: 400;\"> se sumen a este movimiento. Que descubran <\/span><b>tendencias, herramientas, enfoques disruptivos y formas nuevas de pensar<\/b><span style=\"font-weight: 400;\">. Pero, sobre todo, que encuentren un lugar donde <\/span><b>no solo se hable de lo que est\u00e1 pasando, sino de lo que est\u00e1 por venir<\/b><span style=\"font-weight: 400;\">.So\u00f1amos con una comunidad donde <\/span><b>la curiosidad es bienvenida, el conocimiento se comparte sin ego y todos se sienten parte de algo m\u00e1s grande<\/b><span style=\"font-weight: 400;\">. Porque el futuro no lo construye una sola persona. Lo construimos <\/span><b>juntos<\/b><span style=\"font-weight: 400;\">.<\/span><\/p>\t\t\t\t\t\t\t\t<\/div>\n\t\t\t\t<\/div>\n\t\t\t\t\t<\/div>\n\t\t<\/div>\n\t\t\t\t<div class=\"elementor-column elementor-col-50 elementor-top-column elementor-element elementor-element-2eeed94\" data-id=\"2eeed94\" data-element_type=\"column\" data-e-type=\"column\">\n\t\t\t<div class=\"elementor-widget-wrap elementor-element-populated\">\n\t\t\t\t\t\t<div class=\"elementor-element elementor-element-c5c5953 elementor-widget elementor-widget-spacer\" data-id=\"c5c5953\" data-element_type=\"widget\" data-e-type=\"widget\" data-widget_type=\"spacer.default\">\n\t\t\t\t<div class=\"elementor-widget-container\">\n\t\t\t\t\t\t\t<div class=\"elementor-spacer\">\n\t\t\t<div class=\"elementor-spacer-inner\"><\/div>\n\t\t<\/div>\n\t\t\t\t\t\t<\/div>\n\t\t\t\t<\/div>\n\t\t\t\t<div class=\"elementor-element elementor-element-843d46a elementor-widget__width-inherit elementor-absolute elementor-widget elementor-widget-shortcode\" data-id=\"843d46a\" data-element_type=\"widget\" data-e-type=\"widget\" data-settings=\"{&quot;_position&quot;:&quot;absolute&quot;}\" data-widget_type=\"shortcode.default\">\n\t\t\t\t<div class=\"elementor-widget-container\">\n\t\t\t\t\t\t\t<div class=\"elementor-shortcode\"><iframe\n    src=\"https:\/\/api-crm.virtua.mx\/widget\/form\/9miFNsyr7VDcv38XInMd\"\n    style=\"width:100%;height:100%;border:none;border-radius:20px\"\n    id=\"inline-9miFNsyr7VDcv38XInMd\" \n    data-layout=\"{'id':'INLINE'}\"\n    data-trigger-type=\"alwaysShow\"\n    data-trigger-value=\"\"\n    data-activation-type=\"alwaysActivated\"\n    data-activation-value=\"\"\n    data-deactivation-type=\"neverDeactivate\"\n    data-deactivation-value=\"\"\n    data-form-name=\"VirTalks\"\n    data-height=\"undefined\"\n    data-layout-iframe-id=\"inline-9miFNsyr7VDcv38XInMd\"\n    data-form-id=\"9miFNsyr7VDcv38XInMd\"\n    title=\"VirTalks\"\n        >\n<\/iframe>\n<script src=\"https:\/\/api-crm.virtua.mx\/js\/form_embed.js\"><\/script><\/div>\n\t\t\t\t\t\t<\/div>\n\t\t\t\t<\/div>\n\t\t\t\t\t<\/div>\n\t\t<\/div>\n\t\t\t\t\t<\/div>\n\t\t<\/section>\n\t\t\t\t<section class=\"elementor-section elementor-top-section elementor-element elementor-element-ac74490 elementor-section-boxed elementor-section-height-default elementor-section-height-default wpr-particle-no wpr-jarallax-no wpr-parallax-no wpr-sticky-section-no\" data-id=\"ac74490\" data-element_type=\"section\" data-e-type=\"section\">\n\t\t\t\t\t\t<div class=\"elementor-container elementor-column-gap-default\">\n\t\t\t\t\t<div class=\"elementor-column elementor-col-100 elementor-top-column elementor-element elementor-element-e3829ac\" data-id=\"e3829ac\" data-element_type=\"column\" data-e-type=\"column\">\n\t\t\t<div class=\"elementor-widget-wrap elementor-element-populated\">\n\t\t\t\t\t\t<div class=\"elementor-element elementor-element-1ed966b elementor-widget elementor-widget-spacer\" data-id=\"1ed966b\" data-element_type=\"widget\" data-e-type=\"widget\" data-widget_type=\"spacer.default\">\n\t\t\t\t<div class=\"elementor-widget-container\">\n\t\t\t\t\t\t\t<div class=\"elementor-spacer\">\n\t\t\t<div class=\"elementor-spacer-inner\"><\/div>\n\t\t<\/div>\n\t\t\t\t\t\t<\/div>\n\t\t\t\t<\/div>\n\t\t\t\t\t<\/div>\n\t\t<\/div>\n\t\t\t\t\t<\/div>\n\t\t<\/section>\n\t\t\t\t<\/div>\n\t\t","protected":false},"excerpt":{"rendered":"<p>VirTalks En VirTalks creemos que la tecnolog\u00eda no solo se aprende, se vive, se comparte y se transforma en comunidad. Nuestro prop\u00f3sito es convertirnos en un punto de encuentro aut\u00e9ntico y relevante dentro del ecosistema tech. Un espacio donde las ideas no solo se exponen, sino que se conectan, evolucionan y se multiplican. Queremos que m\u00e1s j\u00f3venes, profesionales y mentes inquietas se sumen a este movimiento. Que descubran tendencias, herramientas, enfoques disruptivos y formas nuevas de pensar. Pero, sobre todo, que encuentren un lugar donde no solo se hable de lo que est\u00e1 pasando, sino de lo que est\u00e1 por venir.So\u00f1amos con una comunidad donde la curiosidad es bienvenida, el conocimiento se comparte sin ego y todos se sienten parte de algo m\u00e1s grande. Porque el futuro no lo construye una sola persona. Lo construimos juntos.<\/p>\n","protected":false},"author":1,"featured_media":0,"parent":0,"menu_order":0,"comment_status":"closed","ping_status":"closed","template":"elementor_header_footer","meta":{"_monsterinsights_skip_tracking":false,"_monsterinsights_sitenote_active":false,"_monsterinsights_sitenote_note":"","_monsterinsights_sitenote_category":0,"footnotes":""},"class_list":["post-20719","page","type-page","status-publish","hentry"],"_links":{"self":[{"href":"https:\/\/virtua.mx\/index.php\/wp-json\/wp\/v2\/pages\/20719","targetHints":{"allow":["GET"]}}],"collection":[{"href":"https:\/\/virtua.mx\/index.php\/wp-json\/wp\/v2\/pages"}],"about":[{"href":"https:\/\/virtua.mx\/index.php\/wp-json\/wp\/v2\/types\/page"}],"author":[{"embeddable":true,"href":"https:\/\/virtua.mx\/index.php\/wp-json\/wp\/v2\/users\/1"}],"replies":[{"embeddable":true,"href":"https:\/\/virtua.mx\/index.php\/wp-json\/wp\/v2\/comments?post=20719"}],"version-history":[{"count":70,"href":"https:\/\/virtua.mx\/index.php\/wp-json\/wp\/v2\/pages\/20719\/revisions"}],"predecessor-version":[{"id":20800,"href":"https:\/\/virtua.mx\/index.php\/wp-json\/wp\/v2\/pages\/20719\/revisions\/20800"}],"wp:attachment":[{"href":"https:\/\/virtua.mx\/index.php\/wp-json\/wp\/v2\/media?parent=20719"}],"curies":[{"name":"wp","href":"https:\/\/api.w.org\/{rel}","templated":true}]}}