{"id":9703,"date":"2021-01-22T16:35:19","date_gmt":"2021-01-22T16:35:19","guid":{"rendered":"http:\/\/ninzio.com\/sublime\/?page_id=9703"},"modified":"2023-05-30T17:12:52","modified_gmt":"2023-05-30T17:12:52","slug":"blog-grid","status":"publish","type":"page","link":"https:\/\/virtua.mx\/index.php\/blog-grid\/","title":{"rendered":"Blog Grid"},"content":{"rendered":"\t\t<div data-elementor-type=\"wp-page\" data-elementor-id=\"9703\" class=\"elementor elementor-9703\">\n\t\t\t\t\t\t<section class=\"elementor-section elementor-top-section elementor-element elementor-element-96cddfe elementor-section-boxed elementor-section-height-default elementor-section-height-default wpr-particle-no wpr-jarallax-no wpr-parallax-no wpr-sticky-section-no\" data-id=\"96cddfe\" data-element_type=\"section\" data-e-type=\"section\">\n\t\t\t\t\t\t<div class=\"elementor-container elementor-column-gap-default\">\n\t\t\t\t\t<div class=\"elementor-column elementor-col-100 elementor-top-column elementor-element elementor-element-9718a76\" data-id=\"9718a76\" data-element_type=\"column\" data-e-type=\"column\">\n\t\t\t<div class=\"elementor-widget-wrap elementor-element-populated\">\n\t\t\t\t\t\t<div class=\"elementor-element elementor-element-af03062 elementor-widget elementor-widget-spacer\" data-id=\"af03062\" data-element_type=\"widget\" data-e-type=\"widget\" data-widget_type=\"spacer.default\">\n\t\t\t\t<div class=\"elementor-widget-container\">\n\t\t\t\t\t\t\t<div class=\"elementor-spacer\">\n\t\t\t<div class=\"elementor-spacer-inner\"><\/div>\n\t\t<\/div>\n\t\t\t\t\t\t<\/div>\n\t\t\t\t<\/div>\n\t\t\n\t\t<div class=\"elementor-element elementor-element-7f9586f blog-grid elementor-widget elementor-widget-mae-news-grid\" data-id=\"7f9586f\" data-element_type=\"widget\" data-e-type=\"widget\" data-widget_type=\"mae-news-grid.default\">\n\t\t\t\t<div class=\"elementor-widget-container\">\n\t\t\t\t\t\n        <div class=\"master-news-grid mlr-1754642155\" data-config='{\"columns\":\"2,2,2,1\",\"gapHorizontal\":30,\"gapVertical\":30,\"layoutMode\":\"grid\"}'>\n            <div class=\"galleries cbp\">\n                \n                                    \n                        <div class=\"cbp-item team \">\n                            <div class=\"master-news\">\n                                <div class=\"thumb\" style=\"background-image:url()\"><\/div><div class=\"content-wrap\"><div class=\"text-wrap\"><span class=\"post-date\">24 October, 2025. <span class=\"time\"> 7:04 PM<\/span><\/span><span class=\"cat-item\"><a class=\"post-cat\" href=\"https:\/\/virtua.mx\/index.php\/category\/team\/\">team<\/a><\/span><h3 class=\"headline-2\"><a href=\"https:\/\/virtua.mx\/index.php\/2025\/10\/24\/miguel-ramirez\/\">Miguel Ram\u00edrez<\/a><\/h3><div class=\"desc\">Miguel Ram\u00edrez Morales Ceo En Virtua ayudamos a empresas a simplificar sus procesos y crecer con soluciones digitales inteligentes y rentables. \u00bfExploramos c\u00f3mo impulsar tu negocio al siguiente nivel? \u00a1Hablemos! Contactar<\/div><\/div>            <div class=\"url-wrap\">\n                <a class=\"master-button small btn-accent icon-none\" href=\"https:\/\/virtua.mx\/index.php\/2025\/10\/24\/miguel-ramirez\/\">\n                                        Read More                    <span class=\"hover-effect\"><\/span>\n                                    <\/a>\n            <\/div>\n\n            <\/div>                            <\/div>\n                        <\/div>\n                    \n                        <div class=\"cbp-item team \">\n                            <div class=\"master-news\">\n                                <div class=\"thumb\" style=\"background-image:url()\"><\/div><div class=\"content-wrap\"><div class=\"text-wrap\"><span class=\"post-date\">16 June, 2025. <span class=\"time\"> 6:01 PM<\/span><\/span><span class=\"cat-item\"><a class=\"post-cat\" href=\"https:\/\/virtua.mx\/index.php\/category\/team\/\">team<\/a><\/span><h3 class=\"headline-2\"><a href=\"https:\/\/virtua.mx\/index.php\/2025\/06\/16\/david-isidro-de-jesus\/\">David Isidro de Jes\u00fas<\/a><\/h3><div class=\"desc\">David Isidro de Jes\u00fas Dise\u00f1ador Lorem ipsum dolor sit amet, consectetur adipiscing elit. Curabitur laoreet cursus volutpat. Aliquam sit amet ligula et justo tincidunt laorsoet non vitae lorem. Contactar<\/div><\/div>            <div class=\"url-wrap\">\n                <a class=\"master-button small btn-accent icon-none\" href=\"https:\/\/virtua.mx\/index.php\/2025\/06\/16\/david-isidro-de-jesus\/\">\n                                        Read More                    <span class=\"hover-effect\"><\/span>\n                                    <\/a>\n            <\/div>\n\n            <\/div>                            <\/div>\n                        <\/div>\n                    \n                        <div class=\"cbp-item eventos \">\n                            <div class=\"master-news\">\n                                <div class=\"thumb\" style=\"background-image:url(https:\/\/virtua.mx\/wp-content\/uploads\/2025\/05\/virtalk-junio.png)\"><img fetchpriority=\"high\" decoding=\"async\" width=\"1000\" height=\"1000\" src=\"https:\/\/virtua.mx\/wp-content\/uploads\/2025\/05\/virtalk-junio.png\" class=\"attachment-full size-full wp-post-image\" alt=\"\" srcset=\"https:\/\/virtua.mx\/wp-content\/uploads\/2025\/05\/virtalk-junio.png 1000w, https:\/\/virtua.mx\/wp-content\/uploads\/2025\/05\/virtalk-junio-300x300.png 300w, https:\/\/virtua.mx\/wp-content\/uploads\/2025\/05\/virtalk-junio-150x150.png 150w, https:\/\/virtua.mx\/wp-content\/uploads\/2025\/05\/virtalk-junio-768x768.png 768w\" sizes=\"(max-width: 1000px) 100vw, 1000px\" \/><\/div><div class=\"content-wrap\"><div class=\"text-wrap\"><span class=\"post-date\">27 May, 2025. <span class=\"time\"> 10:20 PM<\/span><\/span><span class=\"cat-item\"><a class=\"post-cat\" href=\"https:\/\/virtua.mx\/index.php\/category\/eventos\/\">Eventos<\/a><\/span><h3 class=\"headline-2\"><a href=\"https:\/\/virtua.mx\/index.php\/2025\/05\/27\/virtalk\/\">Virtalk<\/a><\/h3><div class=\"desc\">Pr\u00f3ximamente Evento Virtalk muy pronto Load More End of Content. VirTalk Junio Un evento organizado por Virtua MX<\/div><\/div>            <div class=\"url-wrap\">\n                <a class=\"master-button small btn-accent icon-none\" href=\"https:\/\/virtua.mx\/index.php\/2025\/05\/27\/virtalk\/\">\n                                        Read More                    <span class=\"hover-effect\"><\/span>\n                                    <\/a>\n            <\/div>\n\n            <\/div>                            <\/div>\n                        <\/div>\n                    \n                        <div class=\"cbp-item sd tl \">\n                            <div class=\"master-news\">\n                                <div class=\"thumb\" style=\"background-image:url(https:\/\/virtua.mx\/wp-content\/uploads\/2024\/05\/calentamiento_38dfa7c9-4d05-410c-9fc9-8451061fd9a9.webp)\"><img decoding=\"async\" width=\"2114\" height=\"1000\" src=\"https:\/\/virtua.mx\/wp-content\/uploads\/2024\/05\/calentamiento_38dfa7c9-4d05-410c-9fc9-8451061fd9a9.webp\" class=\"attachment-full size-full wp-post-image\" alt=\"\" srcset=\"https:\/\/virtua.mx\/wp-content\/uploads\/2024\/05\/calentamiento_38dfa7c9-4d05-410c-9fc9-8451061fd9a9.webp 2114w, https:\/\/virtua.mx\/wp-content\/uploads\/2024\/05\/calentamiento_38dfa7c9-4d05-410c-9fc9-8451061fd9a9-300x142.webp 300w, https:\/\/virtua.mx\/wp-content\/uploads\/2024\/05\/calentamiento_38dfa7c9-4d05-410c-9fc9-8451061fd9a9-1024x484.webp 1024w, https:\/\/virtua.mx\/wp-content\/uploads\/2024\/05\/calentamiento_38dfa7c9-4d05-410c-9fc9-8451061fd9a9-768x363.webp 768w, https:\/\/virtua.mx\/wp-content\/uploads\/2024\/05\/calentamiento_38dfa7c9-4d05-410c-9fc9-8451061fd9a9-1536x727.webp 1536w, https:\/\/virtua.mx\/wp-content\/uploads\/2024\/05\/calentamiento_38dfa7c9-4d05-410c-9fc9-8451061fd9a9-2048x969.webp 2048w\" sizes=\"(max-width: 2114px) 100vw, 2114px\" \/><\/div><div class=\"content-wrap\"><div class=\"text-wrap\"><span class=\"post-date\">2 May, 2024. <span class=\"time\"> 6:32 PM<\/span><\/span><span class=\"cat-item\"><a class=\"post-cat\" href=\"https:\/\/virtua.mx\/index.php\/category\/tl\/\">TL<\/a><\/span><h3 class=\"headline-2\"><a href=\"https:\/\/virtua.mx\/index.php\/2024\/05\/02\/aquadusa\/\">Aquadusa<\/a><\/h3><div class=\"desc\">AQUADUSA Tienda en L\u00ednea dedicada a la comercializaci\u00f3n y distribuci\u00f3n de equipos y sistemas para construcci\u00f3n de albercas Dise\u00f1o Profesional y Personalizado tienda en l\u00ednea visualmente atractiva y profesional. Proceso de Pago Seguro y Conveniente M\u00faltiples opciones de pago seguras y confiables. Gesti\u00f3n de Productos Eficiente Organizar tus productos de manera intuitiva y eficiente. Tienda Online Visita proyecto Nuestros proyectos No Posts Found!<\/div><\/div>            <div class=\"url-wrap\">\n                <a class=\"master-button small btn-accent icon-none\" href=\"https:\/\/virtua.mx\/index.php\/2024\/05\/02\/aquadusa\/\">\n                                        Read More                    <span class=\"hover-effect\"><\/span>\n                                    <\/a>\n            <\/div>\n\n            <\/div>                            <\/div>\n                        <\/div>\n                    \n                        <div class=\"cbp-item team \">\n                            <div class=\"master-news\">\n                                <div class=\"thumb\" style=\"background-image:url()\"><\/div><div class=\"content-wrap\"><div class=\"text-wrap\"><span class=\"post-date\">11 September, 2023. <span class=\"time\"> 7:26 PM<\/span><\/span><span class=\"cat-item\"><a class=\"post-cat\" href=\"https:\/\/virtua.mx\/index.php\/category\/team\/\">team<\/a><\/span><h3 class=\"headline-2\"><a href=\"https:\/\/virtua.mx\/index.php\/2023\/09\/11\/miguel\/\">miguel<\/a><\/h3><div class=\"desc\"><\/div><\/div>            <div class=\"url-wrap\">\n                <a class=\"master-button small btn-accent icon-none\" href=\"https:\/\/virtua.mx\/index.php\/2023\/09\/11\/miguel\/\">\n                                        Read More                    <span class=\"hover-effect\"><\/span>\n                                    <\/a>\n            <\/div>\n\n            <\/div>                            <\/div>\n                        <\/div>\n                    \n                        <div class=\"cbp-item sin-categoria \">\n                            <div class=\"master-news\">\n                                <div class=\"thumb\" style=\"background-image:url()\"><\/div><div class=\"content-wrap\"><div class=\"text-wrap\"><span class=\"post-date\">22 May, 2023. <span class=\"time\"> 6:22 PM<\/span><\/span><span class=\"cat-item\"><a class=\"post-cat\" href=\"https:\/\/virtua.mx\/index.php\/category\/sin-categoria\/\">Sin categor\u00eda<\/a><\/span><h3 class=\"headline-2\"><a href=\"https:\/\/virtua.mx\/index.php\/2023\/05\/22\/la-importancia-de-contar-con-servicios-de-tecnologas-de-informacin-para-tu-empresa\/\">La importancia de contar con servicios de tecnologas de informacin para tu empresa<\/a><\/h3><div class=\"desc\">Introduccin En el mundo de hoy, la tecnologa es un factor fundamental para el xito de cualquier empresa. Las Tecnologas de Informacin (TI) son herramientas esenciales para mejorar la eficiencia y la productividad en cualquier mbito empresarial. En este artculo, te explicaremos la importancia de contar con servicios de tecnologas de informacin para tu empresa y cmo pueden mejorar tu rendimiento. 1. Automatizacin de procesos Una de las mayores ventajas de utilizar servicios de TI es la automatizacin de procesos. Las empresas pueden ahorrar tiempo y recursos al automatizar tareas de rutina y repetitivas, lo que permite a los empleados centrarse en tareas ms importantes y estratgicas. Adems, esto reduce el margen de error y aumenta la eficiencia del trabajo. Por ejemplo, un software de gestin de inventario puede ayudar a una empresa a controlar sus existencias, de manera que se puedan establecer rdenes de compra cuando se alcance un nivel mnimo de existencias. Esto evita el agotamiento de stock y la prdida de tiempo en la gestin manual de pedidos. 2. Mejora de la comunicacin interna y externa Las TI tambin son una herramienta fundamental en la mejora de la comunicacin, tanto interna como externa. Los empleados pueden comunicarse entre s de manera ms eficiente utilizando herramientas como correo electrnico, chats en lnea, videoconferencias, etc. Adems, la comunicacin con los clientes tambin se puede mejorar mediante la implementacin de un sistema de atencin al cliente en lnea. La mejora en la comunicacin interna y externa puede aumentar la eficiencia y el rendimiento de la empresa, ya que las personas pueden trabajar juntas ms fcilmente y los clientes pueden obtener una mejor experiencia de atencin al cliente. 3. Seguridad de la informacin y resguardo de datos En la era digital, la seguridad de la informacin y el resguardo de datos son fundamentales para cualquier empresa que maneje informacin sensible. Los servicios de TI pueden ayudar a proteger los sistemas de informacin, detectar posibles amenazas y minimizar el riesgo de prdida de datos. Por ejemplo, las empresas pueden implementar un sistema de copias de seguridad automatizadas para garantizar que siempre haya una copia de seguridad de los datos. Tambin pueden implementar medidas de seguridad, como firewalls y software antivirus, para evitar amenazas externas. Conclusin En conclusin, la implementacin de servicios de TI es fundamental para garantizar el xito de cualquier empresa en la actualidad. Al utilizar herramientas tecnolgicas, las empresas pueden mejorar la eficiencia y la productividad, mejorar la comunicacin interna y externa, y proteger la seguridad de la informacin y los datos. Si an no has implementado servicios de TI en tu empresa, es el momento de hacerlo para mejorar tu rendimiento y mantenerte competitivo en el mercado.<\/div><\/div>            <div class=\"url-wrap\">\n                <a class=\"master-button small btn-accent icon-none\" href=\"https:\/\/virtua.mx\/index.php\/2023\/05\/22\/la-importancia-de-contar-con-servicios-de-tecnologas-de-informacin-para-tu-empresa\/\">\n                                        Read More                    <span class=\"hover-effect\"><\/span>\n                                    <\/a>\n            <\/div>\n\n            <\/div>                            <\/div>\n                        <\/div>\n                                <\/div><!-- galleries -->\n        <\/div><!-- master-portfolio -->\n\n        <div class=\"news-nav\"><div class=\"sublime-pagination clearfix\"><ul class='page-numbers'>\n\t<li><span aria-current=\"page\" class=\"page-numbers current\">1<\/span><\/li>\n\t<li><a class=\"page-numbers\" href=\"https:\/\/virtua.mx\/index.php\/wp-json\/wp\/v2\/pages\/9703\/page\/2\/\">2<\/a><\/li>\n\t<li><a class=\"page-numbers\" href=\"https:\/\/virtua.mx\/index.php\/wp-json\/wp\/v2\/pages\/9703\/page\/3\/\">3<\/a><\/li>\n\t<li><a class=\"next page-numbers\" href=\"https:\/\/virtua.mx\/index.php\/wp-json\/wp\/v2\/pages\/9703\/page\/2\/\"><i class=\"elegant-arrow_carrot-right\"><\/i><\/a><\/li>\n<\/ul>\n<\/div><\/div>\n        \t\t\t\t<\/div>\n\t\t\t\t<\/div>\n\t\t\t\t<div class=\"elementor-element elementor-element-87771ad elementor-widget elementor-widget-spacer\" data-id=\"87771ad\" data-element_type=\"widget\" data-e-type=\"widget\" data-widget_type=\"spacer.default\">\n\t\t\t\t<div class=\"elementor-widget-container\">\n\t\t\t\t\t\t\t<div class=\"elementor-spacer\">\n\t\t\t<div class=\"elementor-spacer-inner\"><\/div>\n\t\t<\/div>\n\t\t\t\t\t\t<\/div>\n\t\t\t\t<\/div>\n\t\t\t\t\t<\/div>\n\t\t<\/div>\n\t\t\t\t\t<\/div>\n\t\t<\/section>\n\t\t\t\t<section class=\"elementor-section elementor-top-section elementor-element elementor-element-a4e07f6 elementor-section-stretched elementor-section-boxed elementor-section-height-default elementor-section-height-default wpr-particle-no wpr-jarallax-no wpr-parallax-no wpr-sticky-section-no\" data-id=\"a4e07f6\" data-element_type=\"section\" data-e-type=\"section\" data-settings=\"{&quot;stretch_section&quot;:&quot;section-stretched&quot;,&quot;background_background&quot;:&quot;classic&quot;}\">\n\t\t\t\t\t\t<div class=\"elementor-container elementor-column-gap-default\">\n\t\t\t\t\t<div class=\"elementor-column elementor-col-100 elementor-top-column elementor-element elementor-element-89389f1\" data-id=\"89389f1\" data-element_type=\"column\" data-e-type=\"column\">\n\t\t\t<div class=\"elementor-widget-wrap elementor-element-populated\">\n\t\t\t\t\t\t<div class=\"elementor-element elementor-element-b4665b2 elementor-widget elementor-widget-spacer\" data-id=\"b4665b2\" data-element_type=\"widget\" data-e-type=\"widget\" data-widget_type=\"spacer.default\">\n\t\t\t\t<div class=\"elementor-widget-container\">\n\t\t\t\t\t\t\t<div class=\"elementor-spacer\">\n\t\t\t<div class=\"elementor-spacer-inner\"><\/div>\n\t\t<\/div>\n\t\t\t\t\t\t<\/div>\n\t\t\t\t<\/div>\n\t\t\t\t<div class=\"elementor-element elementor-element-001f5f0 align-center elementor-widget elementor-widget-mae-headings\" data-id=\"001f5f0\" data-element_type=\"widget\" data-e-type=\"widget\" data-widget_type=\"mae-headings.default\">\n\t\t\t\t<div class=\"elementor-widget-container\">\n\t\t\t\t\t\n\t\t<div class=\"master-heading\">\n\t        \n\t        \t        <h2 class=\"main-heading\" data-splitting> We empower clients to grow their businesses based on the effective use of technology<\/h2>\n\t        \n\t        \n\t        \t            <div class=\"sub-heading\">We can evaluate, design and execute the right technology strategies that will help\nyour business operate at peak performance.<\/div>\n\t        \t    <\/div>\n\t    \t\t\t\t<\/div>\n\t\t\t\t<\/div>\n\t\t\t\t<div class=\"elementor-element elementor-element-e1925bd elementor-widget elementor-widget-spacer\" data-id=\"e1925bd\" data-element_type=\"widget\" data-e-type=\"widget\" data-widget_type=\"spacer.default\">\n\t\t\t\t<div class=\"elementor-widget-container\">\n\t\t\t\t\t\t\t<div class=\"elementor-spacer\">\n\t\t\t<div class=\"elementor-spacer-inner\"><\/div>\n\t\t<\/div>\n\t\t\t\t\t\t<\/div>\n\t\t\t\t<\/div>\n\t\t\t\t<div class=\"elementor-element elementor-element-4653766 elementor-widget elementor-widget-text-editor\" data-id=\"4653766\" data-element_type=\"widget\" data-e-type=\"widget\" data-widget_type=\"text-editor.default\">\n\t\t\t\t<div class=\"elementor-widget-container\">\n\t\t\t\t\t\t\t\t\t<p>Your information is 100% secure. We don&#8217;t do spam!<\/p>\t\t\t\t\t\t\t\t<\/div>\n\t\t\t\t<\/div>\n\t\t\t\t<div class=\"elementor-element elementor-element-52ea370 btn-submit-2 elementor-widget elementor-widget-spacer\" data-id=\"52ea370\" data-element_type=\"widget\" data-e-type=\"widget\" data-widget_type=\"spacer.default\">\n\t\t\t\t<div class=\"elementor-widget-container\">\n\t\t\t\t\t\t\t<div class=\"elementor-spacer\">\n\t\t\t<div class=\"elementor-spacer-inner\"><\/div>\n\t\t<\/div>\n\t\t\t\t\t\t<\/div>\n\t\t\t\t<\/div>\n\t\t\t\t\t<\/div>\n\t\t<\/div>\n\t\t\t\t\t<\/div>\n\t\t<\/section>\n\t\t\t\t<\/div>\n\t\t","protected":false},"excerpt":{"rendered":"<p>January 19, 2021. 5:57 AMIt Solution Marketing tips for early-stage startups James McCann seasoned CEO, speaker, and advisor to early-stage businesses, today announced the publication of Startups &#038; The Tech Revolution. Read More January 19, 2021. 5:55 AMDesign How agencies can prepare for the future with AI The pandemic has had ramifications for many companies, creating uncertain futures for businesses as they work to innovate and adapt to the &#8220;new normal.&#8221; Read More January 19, 2021. 5:46 AMIt Solution 10 Quick tips to improve your web design James McCann seasoned CEO, speaker, and advisor to early-stage businesses, today announced the publication of Startups &#038; The Tech Revolution. Read More October 7, 2020. 1:59 PMDesign Marketing tips for early-stage startups Starbucks kicked off the holiday season early by revealing its lineup&#8230; Read More October 7, 2020. 1:58 PMCreative Most popular 15 tech jobs for 2021 from Indeed Mar 14 Since the Victorian era, stationery has been an important part of proper&#8230; Read More October 7, 2020. 1:58 PMDesign Give your coworkers space to celebrate the holidays Grocery delivery apps allow customers to purchase and receive groceries&#8230; Read More We empower clients to grow their businesses based on the effective use of technology We can evaluate, design and execute the right technology strategies that will help your business operate at peak performance. Your information is 100% secure. We don&#8217;t do spam!<\/p>\n","protected":false},"author":1,"featured_media":0,"parent":0,"menu_order":0,"comment_status":"closed","ping_status":"closed","template":"","meta":{"_monsterinsights_skip_tracking":false,"_monsterinsights_sitenote_active":false,"_monsterinsights_sitenote_note":"","_monsterinsights_sitenote_category":0,"footnotes":""},"class_list":["post-9703","page","type-page","status-publish","hentry"],"_links":{"self":[{"href":"https:\/\/virtua.mx\/index.php\/wp-json\/wp\/v2\/pages\/9703","targetHints":{"allow":["GET"]}}],"collection":[{"href":"https:\/\/virtua.mx\/index.php\/wp-json\/wp\/v2\/pages"}],"about":[{"href":"https:\/\/virtua.mx\/index.php\/wp-json\/wp\/v2\/types\/page"}],"author":[{"embeddable":true,"href":"https:\/\/virtua.mx\/index.php\/wp-json\/wp\/v2\/users\/1"}],"replies":[{"embeddable":true,"href":"https:\/\/virtua.mx\/index.php\/wp-json\/wp\/v2\/comments?post=9703"}],"version-history":[{"count":1,"href":"https:\/\/virtua.mx\/index.php\/wp-json\/wp\/v2\/pages\/9703\/revisions"}],"predecessor-version":[{"id":17799,"href":"https:\/\/virtua.mx\/index.php\/wp-json\/wp\/v2\/pages\/9703\/revisions\/17799"}],"wp:attachment":[{"href":"https:\/\/virtua.mx\/index.php\/wp-json\/wp\/v2\/media?parent=9703"}],"curies":[{"name":"wp","href":"https:\/\/api.w.org\/{rel}","templated":true}]}}